{"id":2755,"date":"2017-12-28T11:43:29","date_gmt":"2017-12-28T10:43:29","guid":{"rendered":"https:\/\/apartamentosconencanto.com\/ofertas\/"},"modified":"2023-11-27T13:43:52","modified_gmt":"2023-11-27T12:43:52","slug":"ofertas","status":"publish","type":"page","link":"https:\/\/apartamentosconencanto.com\/en\/ofertas\/","title":{"rendered":"Offers"},"content":{"rendered":"\t\t<div data-elementor-type=\"wp-post\" data-elementor-id=\"2755\" class=\"elementor elementor-2755 elementor-188\" data-elementor-post-type=\"page\">\n\t\t\t\t\t\t<section class=\"elementor-section elementor-top-section elementor-element elementor-element-949e2e3 elementor-section-boxed elementor-section-height-default elementor-section-height-default\" data-id=\"949e2e3\" data-element_type=\"section\">\n\t\t\t\t\t\t<div class=\"elementor-container elementor-column-gap-default\">\n\t\t\t\t\t<div class=\"elementor-column elementor-col-100 elementor-top-column elementor-element elementor-element-6728f79\" data-id=\"6728f79\" data-element_type=\"column\">\n\t\t\t<div class=\"elementor-widget-wrap elementor-element-populated\">\n\t\t\t\t\t\t<div class=\"elementor-element elementor-element-27aed2d elementor-grid-2 elementor-grid-tablet-2 elementor-grid-mobile-1 elementor-posts--thumbnail-top elementor-widget elementor-widget-posts\" data-id=\"27aed2d\" data-element_type=\"widget\" data-settings=\"{&quot;classic_columns&quot;:&quot;2&quot;,&quot;classic_columns_tablet&quot;:&quot;2&quot;,&quot;classic_columns_mobile&quot;:&quot;1&quot;,&quot;classic_row_gap&quot;:{&quot;unit&quot;:&quot;px&quot;,&quot;size&quot;:35,&quot;sizes&quot;:[]},&quot;classic_row_gap_tablet&quot;:{&quot;unit&quot;:&quot;px&quot;,&quot;size&quot;:&quot;&quot;,&quot;sizes&quot;:[]},&quot;classic_row_gap_mobile&quot;:{&quot;unit&quot;:&quot;px&quot;,&quot;size&quot;:&quot;&quot;,&quot;sizes&quot;:[]}}\" data-widget_type=\"posts.classic\">\n\t\t\t\t<div class=\"elementor-widget-container\">\n\t\t\t\t\t<div class=\"elementor-posts-container elementor-posts elementor-posts--skin-classic elementor-grid\">\n\t\t\t\t<article class=\"elementor-post elementor-grid-item post-2791 oferta type-oferta status-publish hentry entry owp-thumbs-layout-horizontal owp-btn-normal owp-tabs-layout-horizontal has-no-thumbnails has-product-nav\">\n\t\t\t\t<div class=\"elementor-post__text\">\n\t\t\t\t<h3 class=\"elementor-post__title\">\n\t\t\t<a href=\"https:\/\/apartamentosconencanto.com\/en\/oferta\/oferta-3x2-en-estudio-para-2-personas\/\" >\n\t\t\t\tOffer 3&#215;2 in Studio for 2 people\t\t\t<\/a>\n\t\t<\/h3>\n\t\t\t\t<div class=\"elementor-post__excerpt\">\n\t\t\t<p>Pay only two nights and we will GIVE you an extra night for FREE. Studio for 2 people Includes visit to two wineries (one modern<\/p>\n\t\t<\/div>\n\t\t\n\t\t<a class=\"elementor-post__read-more\" href=\"https:\/\/apartamentosconencanto.com\/en\/oferta\/oferta-3x2-en-estudio-para-2-personas\/\" aria-label=\"Read more about Offer 3&#215;2 in Studio for 2 people\" tabindex=\"-1\" >\n\t\t\tRead complete offer \u00bb\t\t<\/a>\n\n\t\t\t\t<\/div>\n\t\t\t\t<\/article>\n\t\t\t\t<\/div>\n\t\t\n\t\t\t\t<\/div>\n\t\t\t\t<\/div>\n\t\t\t\t\t<\/div>\n\t\t<\/div>\n\t\t\t\t\t<\/div>\n\t\t<\/section>\n\t\t\t\t<\/div>\n\t\t","protected":false},"excerpt":{"rendered":"","protected":false},"author":4,"featured_media":0,"parent":0,"menu_order":0,"comment_status":"closed","ping_status":"closed","template":"","meta":[],"acf":[],"yoast_head":"<!-- This site is optimized with the Yoast SEO plugin v21.5 - https:\/\/yoast.com\/wordpress\/plugins\/seo\/ -->\n<title>Offers - Apartamentos Se\u00f1or\u00edo de Haro 3000<\/title>\n<meta name=\"robots\" content=\"index, follow, max-snippet:-1, max-image-preview:large, max-video-preview:-1\" \/>\n<link rel=\"canonical\" href=\"https:\/\/apartamentosconencanto.com\/en\/ofertas\/\" \/>\n<meta property=\"og:locale\" content=\"en_US\" \/>\n<meta property=\"og:type\" content=\"article\" \/>\n<meta property=\"og:title\" content=\"Offers - Apartamentos Se\u00f1or\u00edo de Haro 3000\" \/>\n<meta property=\"og:url\" content=\"https:\/\/apartamentosconencanto.com\/en\/ofertas\/\" \/>\n<meta property=\"og:site_name\" content=\"Apartamentos Se\u00f1or\u00edo de Haro 3000\" \/>\n<meta property=\"article:publisher\" content=\"https:\/\/www.facebook.com\/apartamentosconencanto\" \/>\n<meta property=\"article:modified_time\" content=\"2023-11-27T12:43:52+00:00\" \/>\n<meta property=\"og:image\" content=\"https:\/\/apartamentosconencanto.com\/wp-content\/uploads\/2018\/03\/hero-image.jpg\" \/>\n\t<meta property=\"og:image:width\" content=\"1600\" \/>\n\t<meta property=\"og:image:height\" content=\"1100\" \/>\n\t<meta property=\"og:image:type\" content=\"image\/jpeg\" \/>\n<meta name=\"twitter:card\" content=\"summary_large_image\" \/>\n<meta name=\"twitter:site\" content=\"@aptosconencanto\" \/>\n<meta name=\"twitter:label1\" content=\"Est. reading time\" \/>\n\t<meta name=\"twitter:data1\" content=\"1 minute\" \/>\n<script type=\"application\/ld+json\" class=\"yoast-schema-graph\">{\"@context\":\"https:\/\/schema.org\",\"@graph\":[{\"@type\":\"WebPage\",\"@id\":\"https:\/\/apartamentosconencanto.com\/en\/ofertas\/\",\"url\":\"https:\/\/apartamentosconencanto.com\/en\/ofertas\/\",\"name\":\"Offers - Apartamentos Se\u00f1or\u00edo de Haro 3000\",\"isPartOf\":{\"@id\":\"https:\/\/apartamentosconencanto.com\/en\/#website\"},\"datePublished\":\"2017-12-28T10:43:29+00:00\",\"dateModified\":\"2023-11-27T12:43:52+00:00\",\"inLanguage\":\"en-US\",\"potentialAction\":[{\"@type\":\"ReadAction\",\"target\":[\"https:\/\/apartamentosconencanto.com\/en\/ofertas\/\"]}]},{\"@type\":\"WebSite\",\"@id\":\"https:\/\/apartamentosconencanto.com\/en\/#website\",\"url\":\"https:\/\/apartamentosconencanto.com\/en\/\",\"name\":\"Apartamentos Se\u00f1or\u00edo de Haro 3000\",\"description\":\"Apartamentos tur\u00edsticos en Haro\",\"publisher\":{\"@id\":\"https:\/\/apartamentosconencanto.com\/en\/#organization\"},\"potentialAction\":[{\"@type\":\"SearchAction\",\"target\":{\"@type\":\"EntryPoint\",\"urlTemplate\":\"https:\/\/apartamentosconencanto.com\/en\/?s={search_term_string}\"},\"query-input\":\"required name=search_term_string\"}],\"inLanguage\":\"en-US\"},{\"@type\":\"Organization\",\"@id\":\"https:\/\/apartamentosconencanto.com\/en\/#organization\",\"name\":\"Apartamentos Se\u00f1or\u00edo de Haro 3000\",\"url\":\"https:\/\/apartamentosconencanto.com\/en\/\",\"logo\":{\"@type\":\"ImageObject\",\"inLanguage\":\"en-US\",\"@id\":\"https:\/\/apartamentosconencanto.com\/en\/#\/schema\/logo\/image\/\",\"url\":\"https:\/\/apartamentosconencanto.com\/wp-content\/uploads\/2017\/12\/logo-apartamentos-color-100.png\",\"contentUrl\":\"https:\/\/apartamentosconencanto.com\/wp-content\/uploads\/2017\/12\/logo-apartamentos-color-100.png\",\"width\":195,\"height\":100,\"caption\":\"Apartamentos Se\u00f1or\u00edo de Haro 3000\"},\"image\":{\"@id\":\"https:\/\/apartamentosconencanto.com\/en\/#\/schema\/logo\/image\/\"},\"sameAs\":[\"https:\/\/www.facebook.com\/apartamentosconencanto\",\"https:\/\/twitter.com\/aptosconencanto\",\"https:\/\/www.instagram.com\/apartamentosharo\/\"]}]}<\/script>\n<!-- \/ Yoast SEO plugin. -->","yoast_head_json":{"title":"Offers - Apartamentos Se\u00f1or\u00edo de Haro 3000","robots":{"index":"index","follow":"follow","max-snippet":"max-snippet:-1","max-image-preview":"max-image-preview:large","max-video-preview":"max-video-preview:-1"},"canonical":"https:\/\/apartamentosconencanto.com\/en\/ofertas\/","og_locale":"en_US","og_type":"article","og_title":"Offers - Apartamentos Se\u00f1or\u00edo de Haro 3000","og_url":"https:\/\/apartamentosconencanto.com\/en\/ofertas\/","og_site_name":"Apartamentos Se\u00f1or\u00edo de Haro 3000","article_publisher":"https:\/\/www.facebook.com\/apartamentosconencanto","article_modified_time":"2023-11-27T12:43:52+00:00","og_image":[{"width":1600,"height":1100,"url":"https:\/\/apartamentosconencanto.com\/wp-content\/uploads\/2018\/03\/hero-image.jpg","type":"image\/jpeg"}],"twitter_card":"summary_large_image","twitter_site":"@aptosconencanto","twitter_misc":{"Est. reading time":"1 minute"},"schema":{"@context":"https:\/\/schema.org","@graph":[{"@type":"WebPage","@id":"https:\/\/apartamentosconencanto.com\/en\/ofertas\/","url":"https:\/\/apartamentosconencanto.com\/en\/ofertas\/","name":"Offers - Apartamentos Se\u00f1or\u00edo de Haro 3000","isPartOf":{"@id":"https:\/\/apartamentosconencanto.com\/en\/#website"},"datePublished":"2017-12-28T10:43:29+00:00","dateModified":"2023-11-27T12:43:52+00:00","inLanguage":"en-US","potentialAction":[{"@type":"ReadAction","target":["https:\/\/apartamentosconencanto.com\/en\/ofertas\/"]}]},{"@type":"WebSite","@id":"https:\/\/apartamentosconencanto.com\/en\/#website","url":"https:\/\/apartamentosconencanto.com\/en\/","name":"Apartamentos Se\u00f1or\u00edo de Haro 3000","description":"Apartamentos tur\u00edsticos en Haro","publisher":{"@id":"https:\/\/apartamentosconencanto.com\/en\/#organization"},"potentialAction":[{"@type":"SearchAction","target":{"@type":"EntryPoint","urlTemplate":"https:\/\/apartamentosconencanto.com\/en\/?s={search_term_string}"},"query-input":"required name=search_term_string"}],"inLanguage":"en-US"},{"@type":"Organization","@id":"https:\/\/apartamentosconencanto.com\/en\/#organization","name":"Apartamentos Se\u00f1or\u00edo de Haro 3000","url":"https:\/\/apartamentosconencanto.com\/en\/","logo":{"@type":"ImageObject","inLanguage":"en-US","@id":"https:\/\/apartamentosconencanto.com\/en\/#\/schema\/logo\/image\/","url":"https:\/\/apartamentosconencanto.com\/wp-content\/uploads\/2017\/12\/logo-apartamentos-color-100.png","contentUrl":"https:\/\/apartamentosconencanto.com\/wp-content\/uploads\/2017\/12\/logo-apartamentos-color-100.png","width":195,"height":100,"caption":"Apartamentos Se\u00f1or\u00edo de Haro 3000"},"image":{"@id":"https:\/\/apartamentosconencanto.com\/en\/#\/schema\/logo\/image\/"},"sameAs":["https:\/\/www.facebook.com\/apartamentosconencanto","https:\/\/twitter.com\/aptosconencanto","https:\/\/www.instagram.com\/apartamentosharo\/"]}]}},"_links":{"self":[{"href":"https:\/\/apartamentosconencanto.com\/en\/wp-json\/wp\/v2\/pages\/2755"}],"collection":[{"href":"https:\/\/apartamentosconencanto.com\/en\/wp-json\/wp\/v2\/pages"}],"about":[{"href":"https:\/\/apartamentosconencanto.com\/en\/wp-json\/wp\/v2\/types\/page"}],"author":[{"embeddable":true,"href":"https:\/\/apartamentosconencanto.com\/en\/wp-json\/wp\/v2\/users\/4"}],"replies":[{"embeddable":true,"href":"https:\/\/apartamentosconencanto.com\/en\/wp-json\/wp\/v2\/comments?post=2755"}],"version-history":[{"count":4,"href":"https:\/\/apartamentosconencanto.com\/en\/wp-json\/wp\/v2\/pages\/2755\/revisions"}],"predecessor-version":[{"id":2759,"href":"https:\/\/apartamentosconencanto.com\/en\/wp-json\/wp\/v2\/pages\/2755\/revisions\/2759"}],"wp:attachment":[{"href":"https:\/\/apartamentosconencanto.com\/en\/wp-json\/wp\/v2\/media?parent=2755"}],"curies":[{"name":"wp","href":"https:\/\/api.w.org\/{rel}","templated":true}]}}