{"id":2734,"date":"2018-05-16T13:35:33","date_gmt":"2018-05-16T11:35:33","guid":{"rendered":"https:\/\/apartamentosconencanto.com\/politica-de-privacidad\/"},"modified":"2024-01-10T15:37:45","modified_gmt":"2024-01-10T14:37:45","slug":"politica-de-privacidad","status":"publish","type":"page","link":"https:\/\/apartamentosconencanto.com\/en\/politica-de-privacidad\/","title":{"rendered":"Privacy Policy"},"content":{"rendered":"","protected":false},"excerpt":{"rendered":"","protected":false},"author":4,"featured_media":0,"parent":0,"menu_order":0,"comment_status":"closed","ping_status":"closed","template":"","meta":[],"acf":[],"yoast_head":"<!-- This site is optimized with the Yoast SEO plugin v21.5 - https:\/\/yoast.com\/wordpress\/plugins\/seo\/ -->\n<title>Privacy Policy - Apartamentos Se\u00f1or\u00edo de Haro 3000<\/title>\n<meta name=\"robots\" content=\"noindex, follow\" \/>\n<meta property=\"og:locale\" content=\"en_US\" \/>\n<meta property=\"og:type\" content=\"article\" \/>\n<meta property=\"og:title\" content=\"Privacy Policy - Apartamentos Se\u00f1or\u00edo de Haro 3000\" \/>\n<meta property=\"og:url\" content=\"https:\/\/apartamentosconencanto.com\/en\/politica-de-privacidad\/\" \/>\n<meta property=\"og:site_name\" content=\"Apartamentos Se\u00f1or\u00edo de Haro 3000\" \/>\n<meta property=\"article:publisher\" content=\"https:\/\/www.facebook.com\/apartamentosconencanto\" \/>\n<meta property=\"article:modified_time\" content=\"2024-01-10T14:37:45+00:00\" \/>\n<meta property=\"og:image\" content=\"https:\/\/apartamentosconencanto.com\/wp-content\/uploads\/2018\/03\/hero-image.jpg\" \/>\n\t<meta property=\"og:image:width\" content=\"1600\" \/>\n\t<meta property=\"og:image:height\" content=\"1100\" \/>\n\t<meta property=\"og:image:type\" content=\"image\/jpeg\" \/>\n<meta name=\"twitter:card\" content=\"summary_large_image\" \/>\n<meta name=\"twitter:site\" content=\"@aptosconencanto\" \/>\n<script type=\"application\/ld+json\" class=\"yoast-schema-graph\">{\"@context\":\"https:\/\/schema.org\",\"@graph\":[{\"@type\":\"WebPage\",\"@id\":\"https:\/\/apartamentosconencanto.com\/en\/politica-de-privacidad\/\",\"url\":\"https:\/\/apartamentosconencanto.com\/en\/politica-de-privacidad\/\",\"name\":\"Privacy Policy - Apartamentos Se\u00f1or\u00edo de Haro 3000\",\"isPartOf\":{\"@id\":\"https:\/\/apartamentosconencanto.com\/en\/#website\"},\"datePublished\":\"2018-05-16T11:35:33+00:00\",\"dateModified\":\"2024-01-10T14:37:45+00:00\",\"inLanguage\":\"en-US\",\"potentialAction\":[{\"@type\":\"ReadAction\",\"target\":[\"https:\/\/apartamentosconencanto.com\/en\/politica-de-privacidad\/\"]}]},{\"@type\":\"WebSite\",\"@id\":\"https:\/\/apartamentosconencanto.com\/en\/#website\",\"url\":\"https:\/\/apartamentosconencanto.com\/en\/\",\"name\":\"Apartamentos Se\u00f1or\u00edo de Haro 3000\",\"description\":\"Apartamentos tur\u00edsticos en Haro\",\"publisher\":{\"@id\":\"https:\/\/apartamentosconencanto.com\/en\/#organization\"},\"potentialAction\":[{\"@type\":\"SearchAction\",\"target\":{\"@type\":\"EntryPoint\",\"urlTemplate\":\"https:\/\/apartamentosconencanto.com\/en\/?s={search_term_string}\"},\"query-input\":\"required name=search_term_string\"}],\"inLanguage\":\"en-US\"},{\"@type\":\"Organization\",\"@id\":\"https:\/\/apartamentosconencanto.com\/en\/#organization\",\"name\":\"Apartamentos Se\u00f1or\u00edo de Haro 3000\",\"url\":\"https:\/\/apartamentosconencanto.com\/en\/\",\"logo\":{\"@type\":\"ImageObject\",\"inLanguage\":\"en-US\",\"@id\":\"https:\/\/apartamentosconencanto.com\/en\/#\/schema\/logo\/image\/\",\"url\":\"https:\/\/apartamentosconencanto.com\/wp-content\/uploads\/2017\/12\/logo-apartamentos-color-100.png\",\"contentUrl\":\"https:\/\/apartamentosconencanto.com\/wp-content\/uploads\/2017\/12\/logo-apartamentos-color-100.png\",\"width\":195,\"height\":100,\"caption\":\"Apartamentos Se\u00f1or\u00edo de Haro 3000\"},\"image\":{\"@id\":\"https:\/\/apartamentosconencanto.com\/en\/#\/schema\/logo\/image\/\"},\"sameAs\":[\"https:\/\/www.facebook.com\/apartamentosconencanto\",\"https:\/\/twitter.com\/aptosconencanto\",\"https:\/\/www.instagram.com\/apartamentosharo\/\"]}]}<\/script>\n<!-- \/ Yoast SEO plugin. -->","yoast_head_json":{"title":"Privacy Policy - Apartamentos Se\u00f1or\u00edo de Haro 3000","robots":{"index":"noindex","follow":"follow"},"og_locale":"en_US","og_type":"article","og_title":"Privacy Policy - Apartamentos Se\u00f1or\u00edo de Haro 3000","og_url":"https:\/\/apartamentosconencanto.com\/en\/politica-de-privacidad\/","og_site_name":"Apartamentos Se\u00f1or\u00edo de Haro 3000","article_publisher":"https:\/\/www.facebook.com\/apartamentosconencanto","article_modified_time":"2024-01-10T14:37:45+00:00","og_image":[{"width":1600,"height":1100,"url":"https:\/\/apartamentosconencanto.com\/wp-content\/uploads\/2018\/03\/hero-image.jpg","type":"image\/jpeg"}],"twitter_card":"summary_large_image","twitter_site":"@aptosconencanto","schema":{"@context":"https:\/\/schema.org","@graph":[{"@type":"WebPage","@id":"https:\/\/apartamentosconencanto.com\/en\/politica-de-privacidad\/","url":"https:\/\/apartamentosconencanto.com\/en\/politica-de-privacidad\/","name":"Privacy Policy - Apartamentos Se\u00f1or\u00edo de Haro 3000","isPartOf":{"@id":"https:\/\/apartamentosconencanto.com\/en\/#website"},"datePublished":"2018-05-16T11:35:33+00:00","dateModified":"2024-01-10T14:37:45+00:00","inLanguage":"en-US","potentialAction":[{"@type":"ReadAction","target":["https:\/\/apartamentosconencanto.com\/en\/politica-de-privacidad\/"]}]},{"@type":"WebSite","@id":"https:\/\/apartamentosconencanto.com\/en\/#website","url":"https:\/\/apartamentosconencanto.com\/en\/","name":"Apartamentos Se\u00f1or\u00edo de Haro 3000","description":"Apartamentos tur\u00edsticos en Haro","publisher":{"@id":"https:\/\/apartamentosconencanto.com\/en\/#organization"},"potentialAction":[{"@type":"SearchAction","target":{"@type":"EntryPoint","urlTemplate":"https:\/\/apartamentosconencanto.com\/en\/?s={search_term_string}"},"query-input":"required name=search_term_string"}],"inLanguage":"en-US"},{"@type":"Organization","@id":"https:\/\/apartamentosconencanto.com\/en\/#organization","name":"Apartamentos Se\u00f1or\u00edo de Haro 3000","url":"https:\/\/apartamentosconencanto.com\/en\/","logo":{"@type":"ImageObject","inLanguage":"en-US","@id":"https:\/\/apartamentosconencanto.com\/en\/#\/schema\/logo\/image\/","url":"https:\/\/apartamentosconencanto.com\/wp-content\/uploads\/2017\/12\/logo-apartamentos-color-100.png","contentUrl":"https:\/\/apartamentosconencanto.com\/wp-content\/uploads\/2017\/12\/logo-apartamentos-color-100.png","width":195,"height":100,"caption":"Apartamentos Se\u00f1or\u00edo de Haro 3000"},"image":{"@id":"https:\/\/apartamentosconencanto.com\/en\/#\/schema\/logo\/image\/"},"sameAs":["https:\/\/www.facebook.com\/apartamentosconencanto","https:\/\/twitter.com\/aptosconencanto","https:\/\/www.instagram.com\/apartamentosharo\/"]}]}},"_links":{"self":[{"href":"https:\/\/apartamentosconencanto.com\/en\/wp-json\/wp\/v2\/pages\/2734"}],"collection":[{"href":"https:\/\/apartamentosconencanto.com\/en\/wp-json\/wp\/v2\/pages"}],"about":[{"href":"https:\/\/apartamentosconencanto.com\/en\/wp-json\/wp\/v2\/types\/page"}],"author":[{"embeddable":true,"href":"https:\/\/apartamentosconencanto.com\/en\/wp-json\/wp\/v2\/users\/4"}],"replies":[{"embeddable":true,"href":"https:\/\/apartamentosconencanto.com\/en\/wp-json\/wp\/v2\/comments?post=2734"}],"version-history":[{"count":1,"href":"https:\/\/apartamentosconencanto.com\/en\/wp-json\/wp\/v2\/pages\/2734\/revisions"}],"predecessor-version":[{"id":2740,"href":"https:\/\/apartamentosconencanto.com\/en\/wp-json\/wp\/v2\/pages\/2734\/revisions\/2740"}],"wp:attachment":[{"href":"https:\/\/apartamentosconencanto.com\/en\/wp-json\/wp\/v2\/media?parent=2734"}],"curies":[{"name":"wp","href":"https:\/\/api.w.org\/{rel}","templated":true}]}}