{"id":2712,"date":"2018-01-05T16:43:04","date_gmt":"2018-01-05T15:43:04","guid":{"rendered":"https:\/\/apartamentosconencanto.com\/condiciones-del-alojamiento\/"},"modified":"2024-01-10T15:29:17","modified_gmt":"2024-01-10T14:29:17","slug":"condiciones-del-alojamiento","status":"publish","type":"page","link":"https:\/\/apartamentosconencanto.com\/en\/condiciones-del-alojamiento\/","title":{"rendered":"Lodging conditions"},"content":{"rendered":"\t\t<div data-elementor-type=\"wp-post\" data-elementor-id=\"2712\" class=\"elementor elementor-2712 elementor-371\" data-elementor-post-type=\"page\">\n\t\t\t\t\t\t<section class=\"elementor-section elementor-top-section elementor-element elementor-element-7f98829f elementor-section-boxed elementor-section-height-default elementor-section-height-default\" data-id=\"7f98829f\" data-element_type=\"section\">\n\t\t\t\t\t\t<div class=\"elementor-container elementor-column-gap-no\">\n\t\t\t\t\t<div class=\"elementor-column elementor-col-100 elementor-top-column elementor-element elementor-element-3a4e37e1\" data-id=\"3a4e37e1\" data-element_type=\"column\">\n\t\t\t<div class=\"elementor-widget-wrap elementor-element-populated\">\n\t\t\t\t\t\t<div class=\"elementor-element elementor-element-2ce7e03d elementor-widget elementor-widget-text-editor\" data-id=\"2ce7e03d\" data-element_type=\"widget\" data-widget_type=\"text-editor.default\">\n\t\t\t\t<div class=\"elementor-widget-container\">\n\t\t\t\t\t\t\t<h2>Terms of payment<\/h2>\n<p><strong>Default fee<\/strong>: The client can cancel the reservation free of charge up to 7 days before the arrival date. The client will have to pay 50% of the total price if he cancels during the 7 days before the arrival date. If canceled within 48 hours prior to arrival or no-show on the day of the reservation, 100% of the reservation fee will be charged. To be paid during check in.<\/p>\n<p><strong>Non-refundable fee<\/strong>: The client will have to pay the full price if he\/she cancels. It is paid in advance at the time of booking..<\/p>\n<p><strong>Late check in supplement<\/strong>:<\/p>\n<ul>\n<li>22.00-23.00 10\u20ac<\/li>\n<li>23.00-00.00 15\u20ac<\/li>\n<li>A from 00.00 25\u20ac.<\/li>\n<\/ul>\n<p><strong>Late check out supplement<\/strong>: 30\u20ac<\/p>\n<h2>Occupancy rules<\/h2>\n<p>Fees are calculated according to the type of apartment and the number of people occupying it. This information must be provided. In case the number of occupants of the apartment does not match the number indicated in the reservation, the rate will be updated charging a supplement of about 20 \u20ac per additional person \/ night.<\/p>\n<ul>\n<li>There will be no discount on the price of the apartments if the number of people attending is reduced with respect to the reservation.<\/li>\n<li>Children under 2 years old can stay free of charge in cribs.<\/li>\n<li>Maximum number of extra beds in the room: 1.<\/li>\n<li>No parties or celebrations are allowed in the apartments.<\/li>\n<li>Smoking is not allowed in any of the rooms.<\/li>\n<\/ul>\n<h2>Parking<\/h2>\n<p>Private parking is available nearby. Reservation required. Price: 10 EUR per day.<\/p>\n<h2>Check in \/ Check out<\/h2>\n<ul>\n<li>\n<\/li>\n<li>Check-in from 15:30h to 00:00h.<\/li>\n<li>Departure until 11:30h.<\/li>\n<li>Key collection: Apartamentos Se\u00f1or\u00edo de Haro does not have 24 hour reception. To pick up the keys of your apartment please contact us.<\/li>\n<li>Key delivery: In each building there is a mailbox where you can leave the keys at your departure.<\/li>\n<\/ul>\n<h2>Damages and imperfections<\/h2>\n<p>Guarantee sheet: The client will sign a sheet of conformity of the conditions described in this section providing the number of a credit card as a guarantee.<\/p>\n<p><span style=\"font-size: 16px;\">Once the client has finished his stay in the apartment, he will return it in identical conditions in which he found it at his arrival (premises, furniture, household goods and other equipment).<\/span><br><\/p>\n<p><span style=\"font-size: 16px;\">The client will communicate as soon as possible, the damages or flaws that have occurred in the accommodation during his stay.<\/span><br><\/p>\n<p><span style=\"font-size: 16px;\">The customer will be responsible for the repair of all damages and flaws that may have been caused in the premises, furniture, belongings and other equipment due to improper use, as well as the replacement for lack of any element, or loss of keys (20 \u20ac) and \/ or garage door opener (50 \u20ac).<\/span><br><\/p>\n<p>The customer expressly authorizes the company Rehabitalia Tres, S.L, to charge the credit card provided as a guarantee, the damages and flaws caused according to the previous point. Under no circumstances will the company proceed to charge the credit card without prior notice to the customer. Rehabitalia Tres, S.L. will not store the credit card data provided by the client.<\/p><p>The client is informed that smoking is strictly forbidden both inside the apartment and in the common areas (entrance hall, stairs and elevator). In case of non-compliance with this rule, a penalty of 150 \u20ac will be charged to the credit card provided.<\/p><p>Pets are allowed on request. A supplement of 10\u20ac per pet\/day will be charged. Pets must always be accompanied by their owners. Pets are not allowed to be left alone in the apartments, nor are they allowed to climb on the beds or sofas. Bed linen\/towels are for personal use only. In the common areas (doorway, stairs and elevator), they will be properly leashed.<\/p><p>Guests are responsible for disposing of the garbage generated during their stay. The garbage removal service by the staff of the Se\u00f1or\u00edo de Haro apartments will incur a surcharge of 12 \u20ac which will be charged to the card indicated in this guarantee document.<\/p>\t\t\t\t\t\t<\/div>\n\t\t\t\t<\/div>\n\t\t\t\t\t<\/div>\n\t\t<\/div>\n\t\t\t\t\t<\/div>\n\t\t<\/section>\n\t\t\t\t<\/div>\n\t\t","protected":false},"excerpt":{"rendered":"<p>Terms of payment Default fee: The client can cancel the reservation free of charge up to 7 days before the arrival date. The client will have to pay 50% of the total price if he cancels during the 7 days before the arrival date. If canceled within 48 hours prior to arrival or no-show on [&hellip;]<\/p>\n","protected":false},"author":4,"featured_media":0,"parent":0,"menu_order":0,"comment_status":"closed","ping_status":"closed","template":"","meta":[],"acf":[],"yoast_head":"<!-- This site is optimized with the Yoast SEO plugin v21.5 - https:\/\/yoast.com\/wordpress\/plugins\/seo\/ -->\n<title>Lodging conditions - Apartamentos Se\u00f1or\u00edo de Haro 3000<\/title>\n<meta name=\"robots\" content=\"noindex, nofollow\" \/>\n<meta property=\"og:locale\" content=\"en_US\" \/>\n<meta property=\"og:type\" content=\"article\" \/>\n<meta property=\"og:title\" content=\"Lodging conditions - Apartamentos Se\u00f1or\u00edo de Haro 3000\" \/>\n<meta property=\"og:description\" content=\"Terms of payment Default fee: The client can cancel the reservation free of charge up to 7 days before the arrival date. The client will have to pay 50% of the total price if he cancels during the 7 days before the arrival date. If canceled within 48 hours prior to arrival or no-show on [&hellip;]\" \/>\n<meta property=\"og:url\" content=\"https:\/\/apartamentosconencanto.com\/en\/condiciones-del-alojamiento\/\" \/>\n<meta property=\"og:site_name\" content=\"Apartamentos Se\u00f1or\u00edo de Haro 3000\" \/>\n<meta property=\"article:publisher\" content=\"https:\/\/www.facebook.com\/apartamentosconencanto\" \/>\n<meta property=\"article:modified_time\" content=\"2024-01-10T14:29:17+00:00\" \/>\n<meta property=\"og:image\" content=\"https:\/\/apartamentosconencanto.com\/wp-content\/uploads\/2018\/03\/hero-image.jpg\" \/>\n\t<meta property=\"og:image:width\" content=\"1600\" \/>\n\t<meta property=\"og:image:height\" content=\"1100\" \/>\n\t<meta property=\"og:image:type\" content=\"image\/jpeg\" \/>\n<meta name=\"twitter:card\" content=\"summary_large_image\" \/>\n<meta name=\"twitter:site\" content=\"@aptosconencanto\" \/>\n<meta name=\"twitter:label1\" content=\"Est. reading time\" \/>\n\t<meta name=\"twitter:data1\" content=\"3 minutes\" \/>\n<script type=\"application\/ld+json\" class=\"yoast-schema-graph\">{\"@context\":\"https:\/\/schema.org\",\"@graph\":[{\"@type\":\"WebPage\",\"@id\":\"https:\/\/apartamentosconencanto.com\/en\/condiciones-del-alojamiento\/\",\"url\":\"https:\/\/apartamentosconencanto.com\/en\/condiciones-del-alojamiento\/\",\"name\":\"Lodging conditions - Apartamentos Se\u00f1or\u00edo de Haro 3000\",\"isPartOf\":{\"@id\":\"https:\/\/apartamentosconencanto.com\/en\/#website\"},\"datePublished\":\"2018-01-05T15:43:04+00:00\",\"dateModified\":\"2024-01-10T14:29:17+00:00\",\"inLanguage\":\"en-US\",\"potentialAction\":[{\"@type\":\"ReadAction\",\"target\":[\"https:\/\/apartamentosconencanto.com\/en\/condiciones-del-alojamiento\/\"]}]},{\"@type\":\"WebSite\",\"@id\":\"https:\/\/apartamentosconencanto.com\/en\/#website\",\"url\":\"https:\/\/apartamentosconencanto.com\/en\/\",\"name\":\"Apartamentos Se\u00f1or\u00edo de Haro 3000\",\"description\":\"Apartamentos tur\u00edsticos en Haro\",\"publisher\":{\"@id\":\"https:\/\/apartamentosconencanto.com\/en\/#organization\"},\"potentialAction\":[{\"@type\":\"SearchAction\",\"target\":{\"@type\":\"EntryPoint\",\"urlTemplate\":\"https:\/\/apartamentosconencanto.com\/en\/?s={search_term_string}\"},\"query-input\":\"required name=search_term_string\"}],\"inLanguage\":\"en-US\"},{\"@type\":\"Organization\",\"@id\":\"https:\/\/apartamentosconencanto.com\/en\/#organization\",\"name\":\"Apartamentos Se\u00f1or\u00edo de Haro 3000\",\"url\":\"https:\/\/apartamentosconencanto.com\/en\/\",\"logo\":{\"@type\":\"ImageObject\",\"inLanguage\":\"en-US\",\"@id\":\"https:\/\/apartamentosconencanto.com\/en\/#\/schema\/logo\/image\/\",\"url\":\"https:\/\/apartamentosconencanto.com\/wp-content\/uploads\/2017\/12\/logo-apartamentos-color-100.png\",\"contentUrl\":\"https:\/\/apartamentosconencanto.com\/wp-content\/uploads\/2017\/12\/logo-apartamentos-color-100.png\",\"width\":195,\"height\":100,\"caption\":\"Apartamentos Se\u00f1or\u00edo de Haro 3000\"},\"image\":{\"@id\":\"https:\/\/apartamentosconencanto.com\/en\/#\/schema\/logo\/image\/\"},\"sameAs\":[\"https:\/\/www.facebook.com\/apartamentosconencanto\",\"https:\/\/twitter.com\/aptosconencanto\",\"https:\/\/www.instagram.com\/apartamentosharo\/\"]}]}<\/script>\n<!-- \/ Yoast SEO plugin. -->","yoast_head_json":{"title":"Lodging conditions - Apartamentos Se\u00f1or\u00edo de Haro 3000","robots":{"index":"noindex","follow":"nofollow"},"og_locale":"en_US","og_type":"article","og_title":"Lodging conditions - Apartamentos Se\u00f1or\u00edo de Haro 3000","og_description":"Terms of payment Default fee: The client can cancel the reservation free of charge up to 7 days before the arrival date. The client will have to pay 50% of the total price if he cancels during the 7 days before the arrival date. If canceled within 48 hours prior to arrival or no-show on [&hellip;]","og_url":"https:\/\/apartamentosconencanto.com\/en\/condiciones-del-alojamiento\/","og_site_name":"Apartamentos Se\u00f1or\u00edo de Haro 3000","article_publisher":"https:\/\/www.facebook.com\/apartamentosconencanto","article_modified_time":"2024-01-10T14:29:17+00:00","og_image":[{"width":1600,"height":1100,"url":"https:\/\/apartamentosconencanto.com\/wp-content\/uploads\/2018\/03\/hero-image.jpg","type":"image\/jpeg"}],"twitter_card":"summary_large_image","twitter_site":"@aptosconencanto","twitter_misc":{"Est. reading time":"3 minutes"},"schema":{"@context":"https:\/\/schema.org","@graph":[{"@type":"WebPage","@id":"https:\/\/apartamentosconencanto.com\/en\/condiciones-del-alojamiento\/","url":"https:\/\/apartamentosconencanto.com\/en\/condiciones-del-alojamiento\/","name":"Lodging conditions - Apartamentos Se\u00f1or\u00edo de Haro 3000","isPartOf":{"@id":"https:\/\/apartamentosconencanto.com\/en\/#website"},"datePublished":"2018-01-05T15:43:04+00:00","dateModified":"2024-01-10T14:29:17+00:00","inLanguage":"en-US","potentialAction":[{"@type":"ReadAction","target":["https:\/\/apartamentosconencanto.com\/en\/condiciones-del-alojamiento\/"]}]},{"@type":"WebSite","@id":"https:\/\/apartamentosconencanto.com\/en\/#website","url":"https:\/\/apartamentosconencanto.com\/en\/","name":"Apartamentos Se\u00f1or\u00edo de Haro 3000","description":"Apartamentos tur\u00edsticos en Haro","publisher":{"@id":"https:\/\/apartamentosconencanto.com\/en\/#organization"},"potentialAction":[{"@type":"SearchAction","target":{"@type":"EntryPoint","urlTemplate":"https:\/\/apartamentosconencanto.com\/en\/?s={search_term_string}"},"query-input":"required name=search_term_string"}],"inLanguage":"en-US"},{"@type":"Organization","@id":"https:\/\/apartamentosconencanto.com\/en\/#organization","name":"Apartamentos Se\u00f1or\u00edo de Haro 3000","url":"https:\/\/apartamentosconencanto.com\/en\/","logo":{"@type":"ImageObject","inLanguage":"en-US","@id":"https:\/\/apartamentosconencanto.com\/en\/#\/schema\/logo\/image\/","url":"https:\/\/apartamentosconencanto.com\/wp-content\/uploads\/2017\/12\/logo-apartamentos-color-100.png","contentUrl":"https:\/\/apartamentosconencanto.com\/wp-content\/uploads\/2017\/12\/logo-apartamentos-color-100.png","width":195,"height":100,"caption":"Apartamentos Se\u00f1or\u00edo de Haro 3000"},"image":{"@id":"https:\/\/apartamentosconencanto.com\/en\/#\/schema\/logo\/image\/"},"sameAs":["https:\/\/www.facebook.com\/apartamentosconencanto","https:\/\/twitter.com\/aptosconencanto","https:\/\/www.instagram.com\/apartamentosharo\/"]}]}},"_links":{"self":[{"href":"https:\/\/apartamentosconencanto.com\/en\/wp-json\/wp\/v2\/pages\/2712"}],"collection":[{"href":"https:\/\/apartamentosconencanto.com\/en\/wp-json\/wp\/v2\/pages"}],"about":[{"href":"https:\/\/apartamentosconencanto.com\/en\/wp-json\/wp\/v2\/types\/page"}],"author":[{"embeddable":true,"href":"https:\/\/apartamentosconencanto.com\/en\/wp-json\/wp\/v2\/users\/4"}],"replies":[{"embeddable":true,"href":"https:\/\/apartamentosconencanto.com\/en\/wp-json\/wp\/v2\/comments?post=2712"}],"version-history":[{"count":5,"href":"https:\/\/apartamentosconencanto.com\/en\/wp-json\/wp\/v2\/pages\/2712\/revisions"}],"predecessor-version":[{"id":3040,"href":"https:\/\/apartamentosconencanto.com\/en\/wp-json\/wp\/v2\/pages\/2712\/revisions\/3040"}],"wp:attachment":[{"href":"https:\/\/apartamentosconencanto.com\/en\/wp-json\/wp\/v2\/media?parent=2712"}],"curies":[{"name":"wp","href":"https:\/\/api.w.org\/{rel}","templated":true}]}}